{"id":4012,"date":"2026-01-13T17:59:25","date_gmt":"2026-01-13T16:59:25","guid":{"rendered":"https:\/\/abcd-em.com\/?page_id=4012"},"modified":"2026-01-13T17:59:26","modified_gmt":"2026-01-13T16:59:26","slug":"fiches-edition-2","status":"publish","type":"page","link":"https:\/\/abcd-em.com\/index.php\/fiches-edition-2\/","title":{"rendered":"Fiches \/ \u00c9dition 2"},"content":{"rendered":"\n[et_pb_section fb_built=\u00a0\u00bb1&Prime; _builder_version=\u00a0\u00bb4.18.1&Prime; _module_preset=\u00a0\u00bbdefault\u00a0\u00bb background_color=\u00a0\u00bb#70E700&Prime; custom_margin=\u00a0\u00bb0px||0px||true|false\u00a0\u00bb custom_padding=\u00a0\u00bb0px||0px||true|false\u00a0\u00bb global_colors_info=\u00a0\u00bb{}\u00a0\u00bb][et_pb_row _builder_version=\u00a0\u00bb4.18.1&Prime; _module_preset=\u00a0\u00bbdefault\u00a0\u00bb custom_margin=\u00a0\u00bb0px||0px||true|false\u00a0\u00bb custom_padding=\u00a0\u00bb0px||0px||true|false\u00a0\u00bb global_colors_info=\u00a0\u00bb{}\u00a0\u00bb][et_pb_column type=\u00a0\u00bb4_4&Prime; _builder_version=\u00a0\u00bb4.18.1&Prime; _module_preset=\u00a0\u00bbdefault\u00a0\u00bb global_colors_info=\u00a0\u00bb{}\u00a0\u00bb][et_pb_text _builder_version=\u00a0\u00bb4.18.1&Prime; _module_preset=\u00a0\u00bbdefault\u00a0\u00bb header_font=\u00a0\u00bb|700||on|||||\u00a0\u00bb header_text_align=\u00a0\u00bbcenter\u00a0\u00bb header_text_color=\u00a0\u00bb#ffffff\u00a0\u00bb header_font_size=\u00a0\u00bb18px\u00a0\u00bb header_letter_spacing=\u00a0\u00bb1px\u00a0\u00bb header_line_height=\u00a0\u00bb1.2em\u00a0\u00bb custom_margin=\u00a0\u00bb||||false|false\u00a0\u00bb custom_padding=\u00a0\u00bb8px||0px||false|false\u00a0\u00bb header_font_size_tablet=\u00a0\u00bb16px\u00a0\u00bb header_font_size_phone=\u00a0\u00bb16px\u00a0\u00bb header_font_size_last_edited=\u00a0\u00bbon|phone\u00a0\u00bb global_colors_info=\u00a0\u00bb{}\u00a0\u00bb]<h1>espace Lecteurs.trices<\/h1>[\/et_pb_text][\/et_pb_column][\/et_pb_row][\/et_pb_section][et_pb_section fb_built=\u00a0\u00bb1&Prime; _builder_version=\u00a0\u00bb4.18.1&Prime; _module_preset=\u00a0\u00bbdefault\u00a0\u00bb custom_margin=\u00a0\u00bb||40px||false|false\u00a0\u00bb custom_margin_tablet=\u00a0\u00bb||20px||false|false\u00a0\u00bb custom_margin_phone=\u00a0\u00bb0px||||false|false\u00a0\u00bb custom_margin_last_edited=\u00a0\u00bbon|phone\u00a0\u00bb custom_padding=\u00a0\u00bb1em|1em|1em|1em|true|true\u00a0\u00bb global_colors_info=\u00a0\u00bb{}\u00a0\u00bb][et_pb_row use_custom_gutter=\u00a0\u00bbon\u00a0\u00bb gutter_width=\u00a0\u00bb2&Prime; make_equal=\u00a0\u00bbon\u00a0\u00bb _builder_version=\u00a0\u00bb4.18.1&Prime; _module_preset=\u00a0\u00bbdefault\u00a0\u00bb width=\u00a0\u00bb100%\u00a0\u00bb global_colors_info=\u00a0\u00bb{}\u00a0\u00bb][et_pb_column type=\u00a0\u00bb4_4&Prime; _builder_version=\u00a0\u00bb4.18.1&Prime; _module_preset=\u00a0\u00bbdefault\u00a0\u00bb global_colors_info=\u00a0\u00bb{}\u00a0\u00bb][et_pb_post_title meta=\u00a0\u00bboff\u00a0\u00bb featured_image=\u00a0\u00bboff\u00a0\u00bb _builder_version=\u00a0\u00bb4.19.0&Prime; _module_preset=\u00a0\u00bbdefault\u00a0\u00bb title_font=\u00a0\u00bb|600||on|||||\u00a0\u00bb title_text_align=\u00a0\u00bbcenter\u00a0\u00bb title_text_color=\u00a0\u00bb#29007E\u00a0\u00bb title_font_size=\u00a0\u00bb36px\u00a0\u00bb title_letter_spacing=\u00a0\u00bb1px\u00a0\u00bb custom_padding=\u00a0\u00bb1em||1em||true|false\u00a0\u00bb title_font_size_tablet=\u00a0\u00bb32px\u00a0\u00bb title_font_size_phone=\u00a0\u00bb26px\u00a0\u00bb title_font_size_last_edited=\u00a0\u00bbon|phone\u00a0\u00bb global_colors_info=\u00a0\u00bb{}\u00a0\u00bb][\/et_pb_post_title][et_pb_text _builder_version=\u00a0\u00bb4.19.0&Prime; _module_preset=\u00a0\u00bbdefault\u00a0\u00bb link_font=\u00a0\u00bb|600|||||||\u00a0\u00bb link_text_color=\u00a0\u00bb#FF7B00&Prime; header_2_font_size=\u00a0\u00bb22px\u00a0\u00bb header_2_line_height=\u00a0\u00bb1.3em\u00a0\u00bb width_tablet=\u00a0\u00bb85%\u00a0\u00bb width_phone=\u00a0\u00bb100%\u00a0\u00bb width_last_edited=\u00a0\u00bbon|phone\u00a0\u00bb module_alignment=\u00a0\u00bbcenter\u00a0\u00bb custom_padding=\u00a0\u00bb1em|1em|1em|1em|true|true\u00a0\u00bb header_2_font_size_tablet=\u00a0\u00bb20px\u00a0\u00bb header_2_font_size_phone=\u00a0\u00bb18px\u00a0\u00bb header_2_font_size_last_edited=\u00a0\u00bbon|desktop\u00a0\u00bb border_width_all=\u00a0\u00bb6px\u00a0\u00bb border_color_all=\u00a0\u00bb#00CADF\u00a0\u00bb border_style_all=\u00a0\u00bbdotted\u00a0\u00bb border_width_all_tablet=\u00a0\u00bb6px\u00a0\u00bb border_width_all_phone=\u00a0\u00bb6px\u00a0\u00bb border_width_all_last_edited=\u00a0\u00bbon|tablet\u00a0\u00bb global_colors_info=\u00a0\u00bb{}\u00a0\u00bb link_text_color__hover_enabled=\u00a0\u00bbon|desktop\u00a0\u00bb link_text_color__hover=\u00a0\u00bb#00CADF\u00a0\u00bb]<h2>Pour acc\u00e9der \u00e0 l\u2019espace lecteur, vous devez vous munir du livre (pour savoir o\u00f9 le commander <a href=\"https:\/\/abcd-em.com\/index.php\/ou-acheter-le-guide\/\">cliquez ici<\/a>). Ainsi vous pourrez donner le mot de passe utile pour acc\u00e9der \u00e0 cet espace.<\/h2>[\/et_pb_text][et_pb_text _builder_version=\u00a0\u00bb4.19.0&Prime; _module_preset=\u00a0\u00bbdefault\u00a0\u00bb text_font_size=\u00a0\u00bb16px\u00a0\u00bb text_line_height=\u00a0\u00bb1.4em\u00a0\u00bb link_font=\u00a0\u00bbBarlow Semi Condensed|600||on|||||\u00a0\u00bb link_text_color=\u00a0\u00bb#00CADF\u00a0\u00bb width_tablet=\u00a0\u00bb85%\u00a0\u00bb width_phone=\u00a0\u00bb100%\u00a0\u00bb width_last_edited=\u00a0\u00bbon|tablet\u00a0\u00bb module_alignment=\u00a0\u00bbcenter\u00a0\u00bb custom_padding=\u00a0\u00bb||1em||false|false\u00a0\u00bb custom_padding_tablet=\u00a0\u00bb||||false|false\u00a0\u00bb custom_padding_last_edited=\u00a0\u00bboff|desktop\u00a0\u00bb text_font_size_tablet=\u00a0\u00bb16px\u00a0\u00bb text_font_size_phone=\u00a0\u00bb16px\u00a0\u00bb text_font_size_last_edited=\u00a0\u00bbon|phone\u00a0\u00bb link_font_size_tablet=\u00a0\u00bb\u00a0\u00bb link_font_size_phone=\u00a0\u00bb\u00a0\u00bb link_font_size_last_edited=\u00a0\u00bbon|tablet\u00a0\u00bb global_colors_info=\u00a0\u00bb{}\u00a0\u00bb link_text_color__hover_enabled=\u00a0\u00bbon|desktop\u00a0\u00bb link_text_color__hover=\u00a0\u00bb#FF7B00&Prime;]<p>Tous les supports sur ce site (vid\u00e9os, audios ou exercices) sont \u00e0 utiliser pour un usage priv\u00e9 et individuel. Si vous souhaitez utiliser ces supports dans un autre cadre (formation, partage avec d\u2019autres) nous vous invitons \u00e0 en formuler la demande aux auteurs, propri\u00e9taires de ces supports, en utilisant l\u2019espace <a href=\"https:\/\/abcd-em.com\/index.php\/contact\/\">contact<\/a>.<\/p>\n<p>Merci pour le respect de cette demande et pour votre contribution \u00e0 la collaboration.<\/p>[\/et_pb_text][et_pb_blog fullwidth=\u00a0\u00bboff\u00a0\u00bb posts_number=\u00a0\u00bb30&Prime; include_categories=\u00a0\u00bb93&Prime; show_more=\u00a0\u00bbon\u00a0\u00bb show_author=\u00a0\u00bboff\u00a0\u00bb show_date=\u00a0\u00bboff\u00a0\u00bb show_categories=\u00a0\u00bboff\u00a0\u00bb show_pagination=\u00a0\u00bboff\u00a0\u00bb use_overlay=\u00a0\u00bbon\u00a0\u00bb _builder_version=\u00a0\u00bb4.27.4&Prime; _module_preset=\u00a0\u00bbdefault\u00a0\u00bb header_font=\u00a0\u00bb|700||on|||||\u00a0\u00bb header_font_size=\u00a0\u00bb22px\u00a0\u00bb header_letter_spacing=\u00a0\u00bb1px\u00a0\u00bb header_line_height=\u00a0\u00bb1.2em\u00a0\u00bb body_font=\u00a0\u00bb|600|||||||\u00a0\u00bb body_font_size=\u00a0\u00bb16px\u00a0\u00bb read_more_font=\u00a0\u00bbBarlow Semi Condensed|600||on|||||\u00a0\u00bb read_more_text_color=\u00a0\u00bb#0039AF\u00a0\u00bb read_more_font_size=\u00a0\u00bb13px\u00a0\u00bb read_more_letter_spacing=\u00a0\u00bb1px\u00a0\u00bb width_tablet=\u00a0\u00bb85%\u00a0\u00bb width_phone=\u00a0\u00bb100%\u00a0\u00bb width_last_edited=\u00a0\u00bbon|tablet\u00a0\u00bb module_alignment=\u00a0\u00bbcenter\u00a0\u00bb custom_padding=\u00a0\u00bb|||||false\u00a0\u00bb custom_padding_tablet=\u00a0\u00bb||||false|false\u00a0\u00bb custom_padding_phone=\u00a0\u00bb||||false|false\u00a0\u00bb custom_padding_last_edited=\u00a0\u00bbon|phone\u00a0\u00bb hover_enabled=\u00a0\u00bb0&Prime; header_font_size_tablet=\u00a0\u00bb20px\u00a0\u00bb header_font_size_phone=\u00a0\u00bb18px\u00a0\u00bb header_font_size_last_edited=\u00a0\u00bbon|phone\u00a0\u00bb header_line_height_tablet=\u00a0\u00bb1.2em\u00a0\u00bb header_line_height_phone=\u00a0\u00bb1.3em\u00a0\u00bb header_line_height_last_edited=\u00a0\u00bbon|phone\u00a0\u00bb body_font_size_tablet=\u00a0\u00bb16px\u00a0\u00bb body_font_size_phone=\u00a0\u00bb16px\u00a0\u00bb body_font_size_last_edited=\u00a0\u00bbon|phone\u00a0\u00bb body_line_height_tablet=\u00a0\u00bb\u00a0\u00bb body_line_height_phone=\u00a0\u00bb1.6em\u00a0\u00bb body_line_height_last_edited=\u00a0\u00bbon|phone\u00a0\u00bb read_more_font_size_tablet=\u00a0\u00bb13px\u00a0\u00bb read_more_font_size_phone=\u00a0\u00bb12px\u00a0\u00bb read_more_font_size_last_edited=\u00a0\u00bbon|desktop\u00a0\u00bb border_radii=\u00a0\u00bbon|10px|10px|10px|10px\u00a0\u00bb border_width_all=\u00a0\u00bb0px\u00a0\u00bb box_shadow_style=\u00a0\u00bbpreset1&Prime; box_shadow_vertical=\u00a0\u00bb0px\u00a0\u00bb box_shadow_blur=\u00a0\u00bb26px\u00a0\u00bb box_shadow_color=\u00a0\u00bbrgba(168,168,168,0.6)\u00a0\u00bb global_colors_info=\u00a0\u00bb{}\u00a0\u00bb sticky_enabled=\u00a0\u00bb0&Prime;][\/et_pb_blog][et_pb_text _builder_version=\u00a0\u00bb4.19.0&Prime; _module_preset=\u00a0\u00bbdefault\u00a0\u00bb text_font_size=\u00a0\u00bb14px\u00a0\u00bb width_tablet=\u00a0\u00bb85%\u00a0\u00bb width_phone=\u00a0\u00bb85%\u00a0\u00bb width_last_edited=\u00a0\u00bbon|tablet\u00a0\u00bb module_alignment=\u00a0\u00bbcenter\u00a0\u00bb custom_padding=\u00a0\u00bb||3em||false|false\u00a0\u00bb custom_padding_tablet=\u00a0\u00bb|1em|3em|1em|false|true\u00a0\u00bb custom_padding_phone=\u00a0\u00bb|1em|3em|1em|false|true\u00a0\u00bb custom_padding_last_edited=\u00a0\u00bbon|desktop\u00a0\u00bb text_font_size_tablet=\u00a0\u00bb14px\u00a0\u00bb text_font_size_phone=\u00a0\u00bb14px\u00a0\u00bb text_font_size_last_edited=\u00a0\u00bbon|phone\u00a0\u00bb global_colors_info=\u00a0\u00bb{}\u00a0\u00bb]<p>Nous tenons \u00e0 vivement remercier Dr Landry David et Julie Fontaine pour le pr\u00eat des locaux de la maison de sant\u00e9 de Baume-les-Dames \u00ab\u00a0la Prairie\u00a0\u00bb (25) o\u00f9 nous avons r\u00e9alis\u00e9 la majorit\u00e9 des vid\u00e9os illustratives<\/p>[\/et_pb_text][\/et_pb_column][\/et_pb_row][\/et_pb_section]\n","protected":false},"excerpt":{"rendered":"<p>espace Lecteurs.tricesPour acc\u00e9der \u00e0 l\u2019espace lecteur, vous devez vous munir du livre (pour savoir o\u00f9 le commander cliquez ici). Ainsi vous pourrez donner le mot de passe utile pour acc\u00e9der \u00e0 cet espace.Tous les supports sur ce site (vid\u00e9os, audios ou exercices) sont \u00e0 utiliser pour un usage priv\u00e9 et individuel. Si vous souhaitez utiliser [&hellip;]<\/p>\n","protected":false},"author":3,"featured_media":0,"parent":0,"menu_order":0,"comment_status":"closed","ping_status":"closed","template":"","meta":{"_et_pb_use_builder":"on","_et_pb_old_content":"","_et_gb_content_width":"","footnotes":""},"class_list":["post-4012","page","type-page","status-publish","hentry"],"yoast_head":"<!-- This site is optimized with the Yoast SEO plugin v26.7 - https:\/\/yoast.com\/wordpress\/plugins\/seo\/ -->\n<title>Fiches \/ \u00c9dition 2 - abcd-em<\/title>\n<meta name=\"description\" content=\"Vous trouverez ici des fiches pratiques, des illustrations vid\u00e9os et audios mais aussi des PDF pour pratiquer des entra\u00eenements.\" \/>\n<meta name=\"robots\" content=\"index, follow, max-snippet:-1, max-image-preview:large, max-video-preview:-1\" \/>\n<link rel=\"canonical\" href=\"https:\/\/abcd-em.com\/index.php\/fiches-edition-2\/\" \/>\n<meta property=\"og:locale\" content=\"fr_FR\" \/>\n<meta property=\"og:type\" content=\"article\" \/>\n<meta property=\"og:title\" content=\"Fiches \/ \u00c9dition 2 - abcd-em\" \/>\n<meta property=\"og:description\" content=\"Vous trouverez ici des fiches pratiques, des illustrations vid\u00e9os et audios mais aussi des PDF pour pratiquer des entra\u00eenements.\" \/>\n<meta property=\"og:url\" content=\"https:\/\/abcd-em.com\/index.php\/fiches-edition-2\/\" \/>\n<meta property=\"og:site_name\" content=\"abcd-em\" \/>\n<meta property=\"article:modified_time\" content=\"2026-01-13T16:59:26+00:00\" \/>\n<meta name=\"twitter:card\" content=\"summary_large_image\" \/>\n<meta name=\"twitter:label1\" content=\"Dur\u00e9e de lecture estim\u00e9e\" \/>\n\t<meta name=\"twitter:data1\" content=\"11 minutes\" \/>\n<script type=\"application\/ld+json\" class=\"yoast-schema-graph\">{\"@context\":\"https:\/\/schema.org\",\"@graph\":[{\"@type\":\"WebPage\",\"@id\":\"https:\/\/abcd-em.com\/index.php\/fiches-edition-2\/\",\"url\":\"https:\/\/abcd-em.com\/index.php\/fiches-edition-2\/\",\"name\":\"Fiches \/ \u00c9dition 2 - abcd-em\",\"isPartOf\":{\"@id\":\"https:\/\/abcd-em.com\/#website\"},\"datePublished\":\"2026-01-13T16:59:25+00:00\",\"dateModified\":\"2026-01-13T16:59:26+00:00\",\"description\":\"Vous trouverez ici des fiches pratiques, des illustrations vid\u00e9os et audios mais aussi des PDF pour pratiquer des entra\u00eenements.\",\"breadcrumb\":{\"@id\":\"https:\/\/abcd-em.com\/index.php\/fiches-edition-2\/#breadcrumb\"},\"inLanguage\":\"fr-FR\",\"potentialAction\":[{\"@type\":\"ReadAction\",\"target\":[\"https:\/\/abcd-em.com\/index.php\/fiches-edition-2\/\"]}]},{\"@type\":\"BreadcrumbList\",\"@id\":\"https:\/\/abcd-em.com\/index.php\/fiches-edition-2\/#breadcrumb\",\"itemListElement\":[{\"@type\":\"ListItem\",\"position\":1,\"name\":\"Accueil\",\"item\":\"https:\/\/abcd-em.com\/\"},{\"@type\":\"ListItem\",\"position\":2,\"name\":\"Fiches \/ \u00c9dition 2\"}]},{\"@type\":\"WebSite\",\"@id\":\"https:\/\/abcd-em.com\/#website\",\"url\":\"https:\/\/abcd-em.com\/\",\"name\":\"abcd-em\",\"description\":\"L\u2019Entretien Motivationnel | Mode d\u2019emploi\",\"potentialAction\":[{\"@type\":\"SearchAction\",\"target\":{\"@type\":\"EntryPoint\",\"urlTemplate\":\"https:\/\/abcd-em.com\/?s={search_term_string}\"},\"query-input\":{\"@type\":\"PropertyValueSpecification\",\"valueRequired\":true,\"valueName\":\"search_term_string\"}}],\"inLanguage\":\"fr-FR\"}]}<\/script>\n<!-- \/ Yoast SEO plugin. -->","yoast_head_json":{"title":"Fiches \/ \u00c9dition 2 - abcd-em","description":"Vous trouverez ici des fiches pratiques, des illustrations vid\u00e9os et audios mais aussi des PDF pour pratiquer des entra\u00eenements.","robots":{"index":"index","follow":"follow","max-snippet":"max-snippet:-1","max-image-preview":"max-image-preview:large","max-video-preview":"max-video-preview:-1"},"canonical":"https:\/\/abcd-em.com\/index.php\/fiches-edition-2\/","og_locale":"fr_FR","og_type":"article","og_title":"Fiches \/ \u00c9dition 2 - abcd-em","og_description":"Vous trouverez ici des fiches pratiques, des illustrations vid\u00e9os et audios mais aussi des PDF pour pratiquer des entra\u00eenements.","og_url":"https:\/\/abcd-em.com\/index.php\/fiches-edition-2\/","og_site_name":"abcd-em","article_modified_time":"2026-01-13T16:59:26+00:00","twitter_card":"summary_large_image","twitter_misc":{"Dur\u00e9e de lecture estim\u00e9e":"11 minutes"},"schema":{"@context":"https:\/\/schema.org","@graph":[{"@type":"WebPage","@id":"https:\/\/abcd-em.com\/index.php\/fiches-edition-2\/","url":"https:\/\/abcd-em.com\/index.php\/fiches-edition-2\/","name":"Fiches \/ \u00c9dition 2 - abcd-em","isPartOf":{"@id":"https:\/\/abcd-em.com\/#website"},"datePublished":"2026-01-13T16:59:25+00:00","dateModified":"2026-01-13T16:59:26+00:00","description":"Vous trouverez ici des fiches pratiques, des illustrations vid\u00e9os et audios mais aussi des PDF pour pratiquer des entra\u00eenements.","breadcrumb":{"@id":"https:\/\/abcd-em.com\/index.php\/fiches-edition-2\/#breadcrumb"},"inLanguage":"fr-FR","potentialAction":[{"@type":"ReadAction","target":["https:\/\/abcd-em.com\/index.php\/fiches-edition-2\/"]}]},{"@type":"BreadcrumbList","@id":"https:\/\/abcd-em.com\/index.php\/fiches-edition-2\/#breadcrumb","itemListElement":[{"@type":"ListItem","position":1,"name":"Accueil","item":"https:\/\/abcd-em.com\/"},{"@type":"ListItem","position":2,"name":"Fiches \/ \u00c9dition 2"}]},{"@type":"WebSite","@id":"https:\/\/abcd-em.com\/#website","url":"https:\/\/abcd-em.com\/","name":"abcd-em","description":"L\u2019Entretien Motivationnel | Mode d\u2019emploi","potentialAction":[{"@type":"SearchAction","target":{"@type":"EntryPoint","urlTemplate":"https:\/\/abcd-em.com\/?s={search_term_string}"},"query-input":{"@type":"PropertyValueSpecification","valueRequired":true,"valueName":"search_term_string"}}],"inLanguage":"fr-FR"}]}},"_links":{"self":[{"href":"https:\/\/abcd-em.com\/index.php\/wp-json\/wp\/v2\/pages\/4012","targetHints":{"allow":["GET"]}}],"collection":[{"href":"https:\/\/abcd-em.com\/index.php\/wp-json\/wp\/v2\/pages"}],"about":[{"href":"https:\/\/abcd-em.com\/index.php\/wp-json\/wp\/v2\/types\/page"}],"author":[{"embeddable":true,"href":"https:\/\/abcd-em.com\/index.php\/wp-json\/wp\/v2\/users\/3"}],"replies":[{"embeddable":true,"href":"https:\/\/abcd-em.com\/index.php\/wp-json\/wp\/v2\/comments?post=4012"}],"version-history":[{"count":3,"href":"https:\/\/abcd-em.com\/index.php\/wp-json\/wp\/v2\/pages\/4012\/revisions"}],"predecessor-version":[{"id":4049,"href":"https:\/\/abcd-em.com\/index.php\/wp-json\/wp\/v2\/pages\/4012\/revisions\/4049"}],"wp:attachment":[{"href":"https:\/\/abcd-em.com\/index.php\/wp-json\/wp\/v2\/media?parent=4012"}],"curies":[{"name":"wp","href":"https:\/\/api.w.org\/{rel}","templated":true}]}}