{"id":43,"date":"2022-10-13T17:41:44","date_gmt":"2022-10-13T15:41:44","guid":{"rendered":"https:\/\/abcd-em.com\/?page_id=43"},"modified":"2026-02-24T07:51:06","modified_gmt":"2026-02-24T06:51:06","slug":"creer-un-compte","status":"publish","type":"page","link":"https:\/\/abcd-em.com\/index.php\/creer-un-compte\/","title":{"rendered":"Cr\u00e9er un compte"},"content":{"rendered":"<p>[et_pb_section fb_built=\u00a0\u00bb1&Prime; _builder_version=\u00a0\u00bb4.18.1&Prime; _module_preset=\u00a0\u00bbdefault\u00a0\u00bb background_color=\u00a0\u00bb#70E700&Prime; custom_margin=\u00a0\u00bb0px||0px||true|false\u00a0\u00bb custom_padding=\u00a0\u00bb0px||0px||true|false\u00a0\u00bb global_colors_info=\u00a0\u00bb{}\u00a0\u00bb][et_pb_row _builder_version=\u00a0\u00bb4.18.1&Prime; _module_preset=\u00a0\u00bbdefault\u00a0\u00bb custom_margin=\u00a0\u00bb0px||0px||true|false\u00a0\u00bb custom_padding=\u00a0\u00bb0px||0px||true|false\u00a0\u00bb global_colors_info=\u00a0\u00bb{}\u00a0\u00bb][et_pb_column type=\u00a0\u00bb4_4&Prime; _builder_version=\u00a0\u00bb4.18.1&Prime; _module_preset=\u00a0\u00bbdefault\u00a0\u00bb global_colors_info=\u00a0\u00bb{}\u00a0\u00bb][et_pb_text _builder_version=\u00a0\u00bb4.18.1&Prime; _module_preset=\u00a0\u00bbdefault\u00a0\u00bb text_font=\u00a0\u00bbBarlow Semi Condensed|700||on|||||\u00a0\u00bb text_text_color=\u00a0\u00bb#ffffff\u00a0\u00bb text_letter_spacing=\u00a0\u00bb1px\u00a0\u00bb text_line_height=\u00a0\u00bb1.1em\u00a0\u00bb header_font=\u00a0\u00bb|700||on|||||\u00a0\u00bb header_text_align=\u00a0\u00bbcenter\u00a0\u00bb header_text_color=\u00a0\u00bb#ffffff\u00a0\u00bb header_font_size=\u00a0\u00bb18px\u00a0\u00bb header_letter_spacing=\u00a0\u00bb1px\u00a0\u00bb header_line_height=\u00a0\u00bb1.2em\u00a0\u00bb text_orientation=\u00a0\u00bbcenter\u00a0\u00bb custom_margin=\u00a0\u00bb||||false|false\u00a0\u00bb custom_padding=\u00a0\u00bb9px||8px||false|false\u00a0\u00bb header_font_size_tablet=\u00a0\u00bb16px\u00a0\u00bb header_font_size_phone=\u00a0\u00bb16px\u00a0\u00bb header_font_size_last_edited=\u00a0\u00bbon|phone\u00a0\u00bb global_colors_info=\u00a0\u00bb{}\u00a0\u00bb]<\/p>\n<p>Cr\u00e9er un compte<\/p>\n<p>[\/et_pb_text][\/et_pb_column][\/et_pb_row][\/et_pb_section][et_pb_section fb_built=\u00a0\u00bb1&Prime; _builder_version=\u00a0\u00bb4.18.1&Prime; _module_preset=\u00a0\u00bbdefault\u00a0\u00bb custom_margin=\u00a0\u00bb||5em||false|false\u00a0\u00bb custom_margin_tablet=\u00a0\u00bb||3em||false|false\u00a0\u00bb custom_margin_phone=\u00a0\u00bb||3em||false|false\u00a0\u00bb custom_margin_last_edited=\u00a0\u00bbon|desktop\u00a0\u00bb custom_padding=\u00a0\u00bb1em||1em||false|false\u00a0\u00bb global_colors_info=\u00a0\u00bb{}\u00a0\u00bb][et_pb_row _builder_version=\u00a0\u00bb4.18.1&Prime; _module_preset=\u00a0\u00bbdefault\u00a0\u00bb global_colors_info=\u00a0\u00bb{}\u00a0\u00bb][et_pb_column type=\u00a0\u00bb4_4&Prime; _builder_version=\u00a0\u00bb4.18.0&Prime; _module_preset=\u00a0\u00bbdefault\u00a0\u00bb global_colors_info=\u00a0\u00bb{}\u00a0\u00bb][et_pb_image src=\u00a0\u00bbhttps:\/\/abcd-em.com\/wp-content\/uploads\/2022\/10\/Couv-Guide-EM-Volume.jpg\u00a0\u00bb alt=\u00a0\u00bbCouverture du Guide pratique de l&rsquo;entretien motivationnel\u00a0\u00bb title_text=\u00a0\u00bbCouverture du Livre\u00a0\u00bb align=\u00a0\u00bbcenter\u00a0\u00bb _builder_version=\u00a0\u00bb4.18.1&Prime; _module_preset=\u00a0\u00bbdefault\u00a0\u00bb width=\u00a0\u00bb25%\u00a0\u00bb width_tablet=\u00a0\u00bb30%\u00a0\u00bb width_phone=\u00a0\u00bb54%\u00a0\u00bb width_last_edited=\u00a0\u00bbon|phone\u00a0\u00bb global_colors_info=\u00a0\u00bb{}\u00a0\u00bb][\/et_pb_image][\/et_pb_column][\/et_pb_row][et_pb_row _builder_version=\u00a0\u00bb4.18.1&Prime; _module_preset=\u00a0\u00bbdefault\u00a0\u00bb global_colors_info=\u00a0\u00bb{}\u00a0\u00bb][et_pb_column type=\u00a0\u00bb4_4&Prime; _builder_version=\u00a0\u00bb4.18.1&Prime; _module_preset=\u00a0\u00bbdefault\u00a0\u00bb global_colors_info=\u00a0\u00bb{}\u00a0\u00bb][et_pb_code _builder_version=\u00a0\u00bb4.27.5&Prime; _module_preset=\u00a0\u00bbdefault\u00a0\u00bb hover_enabled=\u00a0\u00bb0&Prime; global_colors_info=\u00a0\u00bb{}\u00a0\u00bb sticky_enabled=\u00a0\u00bb0&Prime;]<div class=\"ppw-restricted-content ppw-pcp-container\" id=\"43469\">\n\t<form method=\"post\" autocomplete=\"off\" action=\"https:\/\/abcd-em.com\/index.php\/creer-un-compte\/?action=postpass&r=43\" target=\"_top\" class=\"post-password-form ppw-form ppw-pcp-password-form\" data-submit=\"43\">\n\t\t<div class=\"ppw-headline ppw-pcp-pf-headline\"><\/div>\n\t\t<div class=\"ppw-description ppw-pcp-pf-desc\">Pour cr\u00e9er un compte, \u00e9crivez (en minuscules) dans l'espace ci dessous le sixi\u00e8me mot du glossaire du Guide pratique de l'Entretien Motivationnel<\/div>\n\t\t\n\t\t<p class=\"ppw-input\">\n\t\t\t<input type=\"hidden\" value=\"0\" name=\"area\" \/>\n\t\t\t<label class=\"ppw-pcp-password-label\"> <input placeholder=\"Mot de passe\" type=\"password\" tabindex=\"1\" name=\"43\" class=\"ppw-password-input ppw-pcp-pf-password-input\" autocomplete=\"new-password\">\n\t\t\t<\/label>\n\t\t\t<input class=\"ppw-page\" type=\"hidden\" value=\"1\" \/>\n\t\t\t\n\t\t\t\t\t\t<input name=\"submit\" type=\"submit\" data-loading=\"Chargement...\" class=\"ppw-submit ppw-pcp-pf-submit-btn\" value=\"Valider\"\/>\n\t\t<\/p>\n\t\t\n\t\t<div class=\"ppw-pcp-pf-desc-below-form\"><\/div>\n\t\t\n\t\t<div class=\"ppw-error ppw-pcp-pf-error-msg\" style=\"color: #dc3232\">\n\t\t\t\n\t\t<\/div>\n\t<\/form>\n<\/div>\n[\/et_pb_code][\/et_pb_column][\/et_pb_row][\/et_pb_section]<\/p>\n","protected":false},"excerpt":{"rendered":"<p>Cr\u00e9er un compte<div class=\"ppw-restricted-content ppw-pcp-container\" id=\"43995\">\n\t<form method=\"post\" autocomplete=\"off\" action=\"https:\/\/abcd-em.com\/index.php\/creer-un-compte\/?action=postpass&r=74\" target=\"_top\" class=\"post-password-form ppw-form ppw-pcp-password-form\" data-submit=\"43\">\n\t\t<div class=\"ppw-headline ppw-pcp-pf-headline\"><\/div>\n\t\t<div class=\"ppw-description ppw-pcp-pf-desc\">Pour cr\u00e9er un compte, \u00e9crivez (en minuscules) dans l'espace ci dessous le sixi\u00e8me mot du glossaire du Guide pratique de l'Entretien Motivationnel<\/div>\n\t\t\n\t\t<p class=\"ppw-input\">\n\t\t\t<input type=\"hidden\" value=\"0\" name=\"area\" \/>\n\t\t\t<label class=\"ppw-pcp-password-label\"> <input placeholder=\"Mot de passe\" type=\"password\" tabindex=\"1\" name=\"43\" class=\"ppw-password-input ppw-pcp-pf-password-input\" autocomplete=\"new-password\">\n\t\t\t<\/label>\n\t\t\t<input class=\"ppw-page\" type=\"hidden\" value=\"1\" \/>\n\t\t\t\n\t\t\t\t\t\t<input name=\"submit\" type=\"submit\" data-loading=\"Chargement...\" class=\"ppw-submit ppw-pcp-pf-submit-btn\" value=\"Valider\"\/>\n\t\t<\/p>\n\t\t\n\t\t<div class=\"ppw-pcp-pf-desc-below-form\"><\/div>\n\t\t\n\t\t<div class=\"ppw-error ppw-pcp-pf-error-msg\" style=\"color: #dc3232\">\n\t\t\t\n\t\t<\/div>\n\t<\/form>\n<\/div>\n<\/p>\n","protected":false},"author":3,"featured_media":0,"parent":0,"menu_order":0,"comment_status":"closed","ping_status":"closed","template":"","meta":{"_et_pb_use_builder":"on","_et_pb_old_content":"<!-- wp:divi\/placeholder \/-->","_et_gb_content_width":"","footnotes":""},"class_list":["post-43","page","type-page","status-publish","hentry"],"yoast_head":"<!-- This site is optimized with the Yoast SEO plugin v26.7 - https:\/\/yoast.com\/wordpress\/plugins\/seo\/ -->\n<title>Cr\u00e9er un compte - abcd-em<\/title>\n<meta name=\"robots\" content=\"index, follow, max-snippet:-1, max-image-preview:large, max-video-preview:-1\" \/>\n<link rel=\"canonical\" href=\"https:\/\/abcd-em.com\/index.php\/creer-un-compte\/\" \/>\n<meta property=\"og:locale\" content=\"fr_FR\" \/>\n<meta property=\"og:type\" content=\"article\" \/>\n<meta property=\"og:title\" content=\"Cr\u00e9er un compte - abcd-em\" \/>\n<meta property=\"og:description\" content=\"Cr\u00e9er un compte\" \/>\n<meta property=\"og:url\" content=\"https:\/\/abcd-em.com\/index.php\/creer-un-compte\/\" \/>\n<meta property=\"og:site_name\" content=\"abcd-em\" \/>\n<meta property=\"article:modified_time\" content=\"2026-02-24T06:51:06+00:00\" \/>\n<meta name=\"twitter:card\" content=\"summary_large_image\" \/>\n<script type=\"application\/ld+json\" class=\"yoast-schema-graph\">{\"@context\":\"https:\/\/schema.org\",\"@graph\":[{\"@type\":\"WebPage\",\"@id\":\"https:\/\/abcd-em.com\/index.php\/creer-un-compte\/\",\"url\":\"https:\/\/abcd-em.com\/index.php\/creer-un-compte\/\",\"name\":\"Cr\u00e9er un compte - abcd-em\",\"isPartOf\":{\"@id\":\"https:\/\/abcd-em.com\/#website\"},\"datePublished\":\"2022-10-13T15:41:44+00:00\",\"dateModified\":\"2026-02-24T06:51:06+00:00\",\"breadcrumb\":{\"@id\":\"https:\/\/abcd-em.com\/index.php\/creer-un-compte\/#breadcrumb\"},\"inLanguage\":\"fr-FR\",\"potentialAction\":[{\"@type\":\"ReadAction\",\"target\":[\"https:\/\/abcd-em.com\/index.php\/creer-un-compte\/\"]}]},{\"@type\":\"BreadcrumbList\",\"@id\":\"https:\/\/abcd-em.com\/index.php\/creer-un-compte\/#breadcrumb\",\"itemListElement\":[{\"@type\":\"ListItem\",\"position\":1,\"name\":\"Accueil\",\"item\":\"https:\/\/abcd-em.com\/\"},{\"@type\":\"ListItem\",\"position\":2,\"name\":\"Cr\u00e9er un compte\"}]},{\"@type\":\"WebSite\",\"@id\":\"https:\/\/abcd-em.com\/#website\",\"url\":\"https:\/\/abcd-em.com\/\",\"name\":\"abcd-em\",\"description\":\"L\u2019Entretien Motivationnel | Mode d\u2019emploi\",\"potentialAction\":[{\"@type\":\"SearchAction\",\"target\":{\"@type\":\"EntryPoint\",\"urlTemplate\":\"https:\/\/abcd-em.com\/?s={search_term_string}\"},\"query-input\":{\"@type\":\"PropertyValueSpecification\",\"valueRequired\":true,\"valueName\":\"search_term_string\"}}],\"inLanguage\":\"fr-FR\"}]}<\/script>\n<!-- \/ Yoast SEO plugin. -->","yoast_head_json":{"title":"Cr\u00e9er un compte - abcd-em","robots":{"index":"index","follow":"follow","max-snippet":"max-snippet:-1","max-image-preview":"max-image-preview:large","max-video-preview":"max-video-preview:-1"},"canonical":"https:\/\/abcd-em.com\/index.php\/creer-un-compte\/","og_locale":"fr_FR","og_type":"article","og_title":"Cr\u00e9er un compte - abcd-em","og_description":"Cr\u00e9er un compte","og_url":"https:\/\/abcd-em.com\/index.php\/creer-un-compte\/","og_site_name":"abcd-em","article_modified_time":"2026-02-24T06:51:06+00:00","twitter_card":"summary_large_image","schema":{"@context":"https:\/\/schema.org","@graph":[{"@type":"WebPage","@id":"https:\/\/abcd-em.com\/index.php\/creer-un-compte\/","url":"https:\/\/abcd-em.com\/index.php\/creer-un-compte\/","name":"Cr\u00e9er un compte - abcd-em","isPartOf":{"@id":"https:\/\/abcd-em.com\/#website"},"datePublished":"2022-10-13T15:41:44+00:00","dateModified":"2026-02-24T06:51:06+00:00","breadcrumb":{"@id":"https:\/\/abcd-em.com\/index.php\/creer-un-compte\/#breadcrumb"},"inLanguage":"fr-FR","potentialAction":[{"@type":"ReadAction","target":["https:\/\/abcd-em.com\/index.php\/creer-un-compte\/"]}]},{"@type":"BreadcrumbList","@id":"https:\/\/abcd-em.com\/index.php\/creer-un-compte\/#breadcrumb","itemListElement":[{"@type":"ListItem","position":1,"name":"Accueil","item":"https:\/\/abcd-em.com\/"},{"@type":"ListItem","position":2,"name":"Cr\u00e9er un compte"}]},{"@type":"WebSite","@id":"https:\/\/abcd-em.com\/#website","url":"https:\/\/abcd-em.com\/","name":"abcd-em","description":"L\u2019Entretien Motivationnel | Mode d\u2019emploi","potentialAction":[{"@type":"SearchAction","target":{"@type":"EntryPoint","urlTemplate":"https:\/\/abcd-em.com\/?s={search_term_string}"},"query-input":{"@type":"PropertyValueSpecification","valueRequired":true,"valueName":"search_term_string"}}],"inLanguage":"fr-FR"}]}},"_links":{"self":[{"href":"https:\/\/abcd-em.com\/index.php\/wp-json\/wp\/v2\/pages\/43","targetHints":{"allow":["GET"]}}],"collection":[{"href":"https:\/\/abcd-em.com\/index.php\/wp-json\/wp\/v2\/pages"}],"about":[{"href":"https:\/\/abcd-em.com\/index.php\/wp-json\/wp\/v2\/types\/page"}],"author":[{"embeddable":true,"href":"https:\/\/abcd-em.com\/index.php\/wp-json\/wp\/v2\/users\/3"}],"replies":[{"embeddable":true,"href":"https:\/\/abcd-em.com\/index.php\/wp-json\/wp\/v2\/comments?post=43"}],"version-history":[{"count":17,"href":"https:\/\/abcd-em.com\/index.php\/wp-json\/wp\/v2\/pages\/43\/revisions"}],"predecessor-version":[{"id":4161,"href":"https:\/\/abcd-em.com\/index.php\/wp-json\/wp\/v2\/pages\/43\/revisions\/4161"}],"wp:attachment":[{"href":"https:\/\/abcd-em.com\/index.php\/wp-json\/wp\/v2\/media?parent=43"}],"curies":[{"name":"wp","href":"https:\/\/api.w.org\/{rel}","templated":true}]}}